{"id":2,"date":"2025-09-16T13:50:20","date_gmt":"2025-09-16T11:50:20","guid":{"rendered":"https:\/\/freo-netzwerk.de\/nwt25\/?page_id=2"},"modified":"2025-09-29T08:41:02","modified_gmt":"2025-09-29T06:41:02","slug":"startseite","status":"publish","type":"page","link":"https:\/\/freo-netzwerk.de\/netzwerktreffen25\/startseite\/","title":{"rendered":"Startseite"},"content":{"rendered":"\n<p>Dies ist eine Beispiel-Seite. Sie unterscheidet sich von Beitr\u00e4gen, da sie stets an derselben Stelle bleibt und (bei den meisten Themes) in der Website-Navigation angezeigt wird. Die meisten starten mit einem Impressum, der Datenschutzerkl\u00e4rung oder einer \u201e\u00dcber\u00a0uns\u201c-Seite, um sich potenziellen Besuchern der Website vorzustellen. Dort k\u00f6nnte zum Beispiel stehen:<\/p>\n\n\n\n<blockquote class=\"wp-block-quote is-layout-flow wp-block-quote-is-layout-flow\"><p>Hallo! Tags\u00fcber arbeite ich als Fahrradkurier, nachts bin ich ein aufstrebender Schauspieler und dies hier ist meine Website. Ich lebe in Berlin, habe einen gro\u00dfen Hund namens Jack, mag Pi&#241;a Coladas, jedoch weniger (ohne Schirm) im Regen stehen gelassen zu werden.<\/p><\/blockquote>\n\n\n\n<p>\u2026\u00a0oder so etwas wie:<\/p>\n\n\n\n<blockquote class=\"wp-block-quote is-layout-flow wp-block-quote-is-layout-flow\"><p>Das Unternehmen XYZ wurde 1971 gegr\u00fcndet und versorgt die \u00d6ffentlichkeit seither mit qualitativ hochwertigen Produkten. An seinem Standort in einer kleinen Gro\u00dfstadt besch\u00e4ftigt der Betrieb \u00fcber 2.000 Menschen und unterst\u00fctzt die Stadtbewohner in vielfacher Hinsicht.<\/p><\/blockquote>\n\n\n\n<p>Als neuer WordPress-Benutzer solltest du <a href=\"https:\/\/freo-netzwerk.de\/netzwerktreffen25\/wp-admin\/\">dein Dashboard<\/a> aufrufen, um diese Seite zu l\u00f6schen und neue Seiten und Beitr\u00e4ge f\u00fcr deine Website erstellen. Viel Spa\u00df!<\/p>\n","protected":false},"excerpt":{"rendered":"<p>Dies ist eine Beispiel-Seite. Sie unterscheidet sich von Beitr\u00e4gen, da sie stets an derselben Stelle bleibt und (bei den meisten Themes) in der Website-Navigation angezeigt wird. Die meisten starten mit einem Impressum, der Datenschutzerkl\u00e4rung oder einer \u201e\u00dcber\u00a0uns\u201c-Seite, um sich potenziellen Besuchern der Website vorzustellen. Dort k\u00f6nnte zum Beispiel stehen: Hallo! Tags\u00fcber arbeite ich als Fahrradkurier, [&hellip;]<\/p>\n","protected":false},"author":1,"featured_media":0,"parent":0,"menu_order":1,"comment_status":"closed","ping_status":"open","template":"","meta":[],"class_list":["post-2","page","type-page","status-publish","hentry"],"grid":"{\r\n  \"colCount\": 12,\r\n  \"colGutter\": 1,\r\n  \"rowGutters\": [\r\n    0,\r\n    0,\r\n    0,\r\n    0,\r\n    0,\r\n    0,\r\n    0\r\n  ],\r\n  \"frameMargin\": 5,\r\n  \"leftFrameMargin\": 2,\r\n  \"rightFrameMargin\": 2,\r\n  \"topFrameMargin\": 0,\r\n  \"mus\": {\r\n    \"colGutterMu\": \"%\",\r\n    \"rowGutterMu\": \"%\",\r\n    \"topFrameMu\": \"%\",\r\n    \"bottomFrameMu\": \"%\",\r\n    \"frameMu\": \"%\"\r\n  },\r\n  \"bottomFrameMargin\": 0,\r\n  \"rowAttrs\": [\r\n    {\r\n      \"bgcolor\": \"#643c78\",\r\n      \"bgimage\": {\r\n        \"attid\": 163,\r\n        \"url\": \"\/wp-content\/uploads\/2025\/09\/c-Jann-Wilken-1.jpg\",\r\n        \"sizes\": {\r\n          \"_1280\": {\r\n            \"w\": 1280,\r\n            \"h\": 961,\r\n            \"url\": \"\/wp-content\/uploads\/2025\/09\/c-Jann-Wilken-1-1280x961.jpg\"\r\n          },\r\n          \"_1024\": {\r\n            \"w\": 1024,\r\n            \"h\": 769,\r\n            \"url\": \"\/wp-content\/uploads\/2025\/09\/c-Jann-Wilken-1-1024x769.jpg\"\r\n          },\r\n          \"_768\": {\r\n            \"w\": 768,\r\n            \"h\": 576,\r\n            \"url\": \"\/wp-content\/uploads\/2025\/09\/c-Jann-Wilken-1-768x576.jpg\"\r\n          },\r\n          \"_512\": {\r\n            \"w\": 512,\r\n            \"h\": 384,\r\n            \"url\": \"\/wp-content\/uploads\/2025\/09\/c-Jann-Wilken-1-512x384.jpg\"\r\n          },\r\n          \"_265\": {\r\n            \"w\": 265,\r\n            \"h\": 199,\r\n            \"url\": \"\/wp-content\/uploads\/2025\/09\/c-Jann-Wilken-1-265x199.jpg\"\r\n          }\r\n        }\r\n      },\r\n      \"row100vh\": true,\r\n      \"relid\": 1,\r\n      \"classes\": \"desktop\"\r\n    },\r\n    {\r\n      \"bgcolor\": \"#643c78\",\r\n      \"relid\": 17,\r\n      \"classes\": \"mobile\"\r\n    },\r\n    {\r\n      \"relid\": 12,\r\n      \"classes\": \"mobile middle\"\r\n    },\r\n    {\r\n      \"bgcolor\": \"#643c78\",\r\n      \"relid\": 15,\r\n      \"classes\": \"mobile\"\r\n    },\r\n    {\r\n      \"bgcolor\": \"#8cb46e\",\r\n      \"row100vh\": false,\r\n      \"relid\": 4\r\n    },\r\n    {\r\n      \"relid\": 6\r\n    },\r\n    {\r\n      \"relid\": 8\r\n    },\r\n    {\r\n      \"relid\": 9\r\n    }\r\n  ],\r\n  \"bgColor\": null,\r\n  \"bgImage\": null,\r\n  \"cont\": [\r\n    {\r\n      \"type\": \"text\",\r\n      \"cont\": \"<h3 class=\\\"_Cubano60\\\">13.\u2009&amp;\u200914. <br \/>Oktober <br \/>2025<\/h3>\\n<h3 class=\\\"_Cubano30\\\">bUm Berlin <br \/>Paul-Lincke-Ufer 21 <br \/>10999 Berlin<\/h3>\",\r\n      \"align\": \"bottom\",\r\n      \"row\": 0,\r\n      \"col\": 0,\r\n      \"colspan\": 4,\r\n      \"offsetx\": 0,\r\n      \"offsety\": 0,\r\n      \"spaceabove\": 0,\r\n      \"spacebelow\": 2,\r\n      \"yvel\": 1,\r\n      \"push\": 0,\r\n      \"relid\": 3,\r\n      \"absolute_position\": true,\r\n      \"frameOverflow\": \"\"\r\n    },\r\n    {\r\n      \"type\": \"img\",\r\n      \"cont\": \"\/wp-content\/uploads\/2025\/09\/FREO-Netzwerktreffen-Logo.svg\",\r\n      \"align\": \"bottom\",\r\n      \"row\": 0,\r\n      \"col\": 7,\r\n      \"colspan\": 5,\r\n      \"offsetx\": 0,\r\n      \"offsety\": 0,\r\n      \"spaceabove\": 0,\r\n      \"spacebelow\": 2,\r\n      \"yvel\": 1,\r\n      \"push\": 7,\r\n      \"relid\": 5,\r\n      \"attid\": 43,\r\n      \"sizes\": {\r\n        \"full\": \"\/wp-content\/uploads\/2025\/09\/FREO-Netzwerktreffen-Logo.svg\"\r\n      },\r\n      \"w\": 1874.8,\r\n      \"h\": 967.5,\r\n      \"ar\": 0.5160550458715596,\r\n      \"alt\": \"\",\r\n      \"absolute_position\": true\r\n    },\r\n    {\r\n      \"type\": \"img\",\r\n      \"cont\": \"\/wp-content\/uploads\/2025\/09\/FREO-Netzwerktreffen-Logo.svg\",\r\n      \"align\": \"top\",\r\n      \"row\": 1,\r\n      \"col\": 0,\r\n      \"colspan\": 12,\r\n      \"offsetx\": 0,\r\n      \"offsety\": 0,\r\n      \"spaceabove\": 5,\r\n      \"spacebelow\": 5,\r\n      \"yvel\": 1,\r\n      \"push\": 0,\r\n      \"relid\": 14,\r\n      \"attid\": 43,\r\n      \"sizes\": {\r\n        \"full\": \"\/wp-content\/uploads\/2025\/09\/FREO-Netzwerktreffen-Logo.svg\"\r\n      },\r\n      \"w\": 1874.8,\r\n      \"h\": 967.5,\r\n      \"ar\": 0.5160550458715596,\r\n      \"alt\": \"\",\r\n      \"absolute_position\": false,\r\n      \"frameOverflow\": \"\"\r\n    },\r\n    {\r\n      \"type\": \"img\",\r\n      \"cont\": \"\/wp-content\/uploads\/2025\/09\/c-Jann-Wilken-1.jpg\",\r\n      \"align\": \"top\",\r\n      \"row\": 2,\r\n      \"col\": 0,\r\n      \"colspan\": 12,\r\n      \"offsetx\": 0,\r\n      \"offsety\": 0,\r\n      \"spaceabove\": 0,\r\n      \"spacebelow\": 0,\r\n      \"yvel\": 1,\r\n      \"push\": 0,\r\n      \"relid\": 16,\r\n      \"attid\": 163,\r\n      \"sizes\": {\r\n        \"full\": \"\/wp-content\/uploads\/2025\/09\/c-Jann-Wilken-1.jpg\",\r\n        \"_1280\": \"\/wp-content\/uploads\/2025\/09\/c-Jann-Wilken-1-1280x961.jpg\",\r\n        \"_1024\": \"\/wp-content\/uploads\/2025\/09\/c-Jann-Wilken-1-1024x769.jpg\",\r\n        \"_768\": \"\/wp-content\/uploads\/2025\/09\/c-Jann-Wilken-1-768x576.jpg\",\r\n        \"_512\": \"\/wp-content\/uploads\/2025\/09\/c-Jann-Wilken-1-512x384.jpg\",\r\n        \"_265\": \"\/wp-content\/uploads\/2025\/09\/c-Jann-Wilken-1-265x199.jpg\"\r\n      },\r\n      \"w\": 1600,\r\n      \"h\": 1201,\r\n      \"ar\": 0.750625,\r\n      \"alt\": \"\",\r\n      \"absolute_position\": false,\r\n      \"frameOverflow\": \"both\"\r\n    },\r\n    {\r\n      \"type\": \"text\",\r\n      \"cont\": \"<h3 class=\\\"_Cubano60\\\" style=\\\"text-align: center;\\\">13.\u2009&amp;\u200914. <br \/>Oktober <br \/>2025<\/h3>\\n<h3 class=\\\"_Cubano30\\\" style=\\\"text-align: center;\\\">bUm Berlin <br \/>Paul-Lincke-Ufer 21 <br \/>10999 Berlin<\/h3>\",\r\n      \"align\": \"top\",\r\n      \"row\": 3,\r\n      \"col\": 0,\r\n      \"colspan\": 12,\r\n      \"offsetx\": 0,\r\n      \"offsety\": 0,\r\n      \"spaceabove\": 5,\r\n      \"spacebelow\": 5,\r\n      \"yvel\": 1,\r\n      \"push\": 0,\r\n      \"relid\": 13,\r\n      \"absolute_position\": false,\r\n      \"frameOverflow\": \"\"\r\n    },\r\n    {\r\n      \"type\": \"text\",\r\n      \"cont\": \"<h3 class=\\\"_Cubano45\\\" style=\\\"text-align: center;\\\"><span style=\\\"color: #ffffff;\\\">Die Freie Musikszene ist Motor und Herzst\u00fcck einer vielf\u00e4ltigen Musiklandschaft. Sie bringt Menschen zusammen, l\u00e4sst neue Ideen entstehen und macht unsere Kultur bunter. Doch auch sie k\u00e4mpft mit Herausforderungen, die jede:r Einzelne von uns tagt\u00e4glich erf\u00e4hrt. <\/span><\/h3>\\n<h3 class=\\\"_Cubano45\\\" style=\\\"text-align: center;\\\"><span style=\\\"color: #ffffff;\\\">Mit unserem Netzwerktreffen geben wir Raum f\u00fcr Austausch, Vernetzung und gemeinsames Lernen. Herzlich Willkommen!<\/span><\/h3>\",\r\n      \"align\": \"top\",\r\n      \"row\": 4,\r\n      \"col\": 2,\r\n      \"colspan\": 8,\r\n      \"offsetx\": 0,\r\n      \"offsety\": 0,\r\n      \"spaceabove\": 5,\r\n      \"spacebelow\": 5,\r\n      \"yvel\": 1,\r\n      \"push\": 2,\r\n      \"relid\": 2,\r\n      \"absolute_position\": false\r\n    },\r\n    {\r\n      \"type\": \"text\",\r\n      \"cont\": \"<p class=\\\"_Bio_Zurueck\\\" style=\\\"text-align: center; line-height: 1.5;\\\"><span style=\\\"color: #643c78;\\\"><span style=\\\"font-weight: 400;\\\">Das <\/span><i><span style=\\\"font-weight: 400;\\\">Netzwerktreffen Freie Musikszen<\/span><\/i><span style=\\\"font-weight: 400;\\\">e ist eine Veranstaltung von <a style=\\\"color: #643c78;\\\" rel=\\\"noopener\\\" href=\\\"https:\/\/freo-netzwerk.de\/\\\" target=\\\"_blank\\\">FREO \u2013 Freie Ensembles und Orchester in Deutschland e.V.<\/a>, gef\u00f6rdert von dem Beauftragten der Bundesregierung f\u00fcr Kultur und Medien <\/span><span style=\\\"font-weight: 400;\\\">in Kooperation mit der <a style=\\\"color: #643c78;\\\" rel=\\\"noopener\\\" href=\\\"https:\/\/deutsche-jazzunion.de\/\\\" target=\\\"_blank\\\">Deutschen Jazzunion<\/a> im Rahmen des Projekts <\/span><i><span style=\\\"font-weight: 400;\\\">con.texte<\/span><\/i><span style=\\\"font-weight: 400;\\\">, <\/span><span style=\\\"font-weight: 400;\\\">gef\u00f6rdert durch die Initiative Musik gemeinn\u00fctzige Projektgesellschaft mbH mit Projektmitteln des Beauftragten der Bundesregierung f\u00fcr Kultur und Medien, <\/span><span style=\\\"font-weight: 400;\\\">in Kooperation mit <a style=\\\"color: #643c78;\\\" rel=\\\"noopener\\\" href=\\\"https:\/\/www.promusikverband.de\/\\\" target=\\\"_blank\\\">PRO MUSIK \u2013 Verband freier Musikschaffender e.V.<\/a> im Rahmen des Projekts Artist Elevator 2.0, gef\u00f6rdert durch die <\/span><span style=\\\"font-weight: 400;\\\">Initiative Musik gemeinn\u00fctzige Projektgesellschaft mbH mit Projektmitteln des Beauftragten der Bundesregierung f\u00fcr Kultur und Medien, in Partnerschaft mit\u00a0 I\u2019M SOUND \u2013 Versicherungsschutz f\u00fcr Musik am Stromkreis <\/span><\/span><span style=\\\"font-weight: 400;\\\"><span style=\\\"color: #643c78;\\\">und in Kooperation mit der <a style=\\\"color: #643c78;\\\" rel=\\\"noopener\\\" href=\\\"https:\/\/www.alte-musik-berlin.de\/\\\" target=\\\"_blank\\\">Vereinigung Alte Musik Berlin<\/a> im Rahmen des Projekts \u201eEmpowerment III \u2013 Zukunftswerkstatt Alte Musik\u201c, gef\u00f6rdert aus Mitteln des Europ\u00e4ischen Fonds f\u00fcr regionale Entwicklung (EFRE) im Rahmen des Programms \u201eSt\u00e4rkung des Innovationspotentials in der Kultur III (INP-III\/2)\u201c, der Berliner Senatsverwaltung f\u00fcr Kultur und Gesellschaftlichen Zusammenhalt sowie der Gesellschaft zur Verwertung von Leistungsschutzrechten (GVL).<\/span> <\/span><\/p>\",\r\n      \"align\": \"top\",\r\n      \"row\": 5,\r\n      \"col\": 2,\r\n      \"colspan\": 8,\r\n      \"offsetx\": 0,\r\n      \"offsety\": 0,\r\n      \"spaceabove\": 5,\r\n      \"spacebelow\": 3,\r\n      \"yvel\": 1,\r\n      \"push\": 2,\r\n      \"relid\": 7,\r\n      \"absolute_position\": false\r\n    },\r\n    {\r\n      \"type\": \"socialmediaicons\",\r\n      \"cont\": \"\",\r\n      \"align\": \"top\",\r\n      \"row\": 6,\r\n      \"col\": 0,\r\n      \"colspan\": 12,\r\n      \"offsetx\": 0,\r\n      \"offsety\": 0,\r\n      \"spaceabove\": 0,\r\n      \"spacebelow\": 0,\r\n      \"yvel\": 1,\r\n      \"push\": 0,\r\n      \"relid\": 10,\r\n      \"config\": {\r\n        \"desktop\": {\r\n          \"width\": 150,\r\n          \"height\": 180,\r\n          \"spacebetween\": 40\r\n        },\r\n        \"tablet\": {\r\n          \"width\": 40,\r\n          \"height\": 120,\r\n          \"spacebetween\": 15\r\n        },\r\n        \"phone\": {\r\n          \"width\": 30,\r\n          \"height\": 80,\r\n          \"spacebetween\": 10\r\n        },\r\n        \"alignment\": \"center\",\r\n        \"setwidthorheight\": \"height\",\r\n        \"content\": [\r\n          {\r\n            \"type\": \"img\",\r\n            \"attid\": 172,\r\n            \"cont\": \"\/wp-content\/uploads\/2025\/09\/freo_nwt_logo_1.png\",\r\n            \"sizes\": {\r\n              \"full\": \"\/wp-content\/uploads\/2025\/09\/freo_nwt_logo_1.png\",\r\n              \"_768\": \"\/wp-content\/uploads\/2025\/09\/freo_nwt_logo_1-768x768.png\",\r\n              \"_512\": \"\/wp-content\/uploads\/2025\/09\/freo_nwt_logo_1-512x512.png\",\r\n              \"_265\": \"\/wp-content\/uploads\/2025\/09\/freo_nwt_logo_1-265x265.png\"\r\n            },\r\n            \"w\": 1000,\r\n            \"h\": 1000,\r\n            \"ar\": 1,\r\n            \"alt\": \"\",\r\n            \"link\": \"https:\/\/kulturstaatsminister.de\/\",\r\n            \"id\": 172\r\n          },\r\n          {\r\n            \"type\": \"img\",\r\n            \"attid\": 173,\r\n            \"cont\": \"\/wp-content\/uploads\/2025\/09\/freo_nwt_logo_2.png\",\r\n            \"sizes\": {\r\n              \"full\": \"\/wp-content\/uploads\/2025\/09\/freo_nwt_logo_2.png\",\r\n              \"_768\": \"\/wp-content\/uploads\/2025\/09\/freo_nwt_logo_2-768x768.png\",\r\n              \"_512\": \"\/wp-content\/uploads\/2025\/09\/freo_nwt_logo_2-512x512.png\",\r\n              \"_265\": \"\/wp-content\/uploads\/2025\/09\/freo_nwt_logo_2-265x265.png\"\r\n            },\r\n            \"w\": 1000,\r\n            \"h\": 1000,\r\n            \"ar\": 1,\r\n            \"alt\": \"\",\r\n            \"link\": \"https:\/\/www.initiative-musik.de\/\",\r\n            \"id\": 173\r\n          },\r\n          {\r\n            \"type\": \"img\",\r\n            \"attid\": 174,\r\n            \"cont\": \"\/wp-content\/uploads\/2025\/09\/freo_nwt_logo_3.png\",\r\n            \"sizes\": {\r\n              \"full\": \"\/wp-content\/uploads\/2025\/09\/freo_nwt_logo_3.png\",\r\n              \"_768\": \"\/wp-content\/uploads\/2025\/09\/freo_nwt_logo_3-768x768.png\",\r\n              \"_512\": \"\/wp-content\/uploads\/2025\/09\/freo_nwt_logo_3-512x512.png\",\r\n              \"_265\": \"\/wp-content\/uploads\/2025\/09\/freo_nwt_logo_3-265x265.png\"\r\n            },\r\n            \"w\": 1000,\r\n            \"h\": 1000,\r\n            \"ar\": 1,\r\n            \"alt\": \"\",\r\n            \"link\": \"https:\/\/www.berlin.de\/sen\/kultgz\/\",\r\n            \"id\": 174\r\n          },\r\n          {\r\n            \"type\": \"img\",\r\n            \"attid\": 175,\r\n            \"cont\": \"\/wp-content\/uploads\/2025\/09\/freo_nwt_logo_4.png\",\r\n            \"sizes\": {\r\n              \"full\": \"\/wp-content\/uploads\/2025\/09\/freo_nwt_logo_4.png\",\r\n              \"_768\": \"\/wp-content\/uploads\/2025\/09\/freo_nwt_logo_4-768x768.png\",\r\n              \"_512\": \"\/wp-content\/uploads\/2025\/09\/freo_nwt_logo_4-512x512.png\",\r\n              \"_265\": \"\/wp-content\/uploads\/2025\/09\/freo_nwt_logo_4-265x265.png\"\r\n            },\r\n            \"w\": 1000,\r\n            \"h\": 1000,\r\n            \"ar\": 1,\r\n            \"alt\": \"\",\r\n            \"link\": \"https:\/\/www.berlin.de\/sen\/kultur\/foerderung\/eu-foerderung\/efre\/foerderperiode-2021-2027\/artikel.1235695.php\",\r\n            \"id\": 175\r\n          }\r\n        ]\r\n      },\r\n      \"absolute_position\": false\r\n    },\r\n    {\r\n      \"type\": \"socialmediaicons\",\r\n      \"cont\": \"\",\r\n      \"align\": \"top\",\r\n      \"row\": 7,\r\n      \"col\": 0,\r\n      \"colspan\": 12,\r\n      \"offsetx\": 0,\r\n      \"offsety\": 0,\r\n      \"spaceabove\": 0,\r\n      \"spacebelow\": 3,\r\n      \"yvel\": 1,\r\n      \"push\": 0,\r\n      \"relid\": 11,\r\n      \"config\": {\r\n        \"desktop\": {\r\n          \"width\": 150,\r\n          \"height\": 200,\r\n          \"spacebetween\": 60\r\n        },\r\n        \"tablet\": {\r\n          \"width\": 40,\r\n          \"height\": 150,\r\n          \"spacebetween\": 15\r\n        },\r\n        \"phone\": {\r\n          \"width\": 30,\r\n          \"height\": 100,\r\n          \"spacebetween\": 10\r\n        },\r\n        \"alignment\": \"center\",\r\n        \"setwidthorheight\": \"height\",\r\n        \"content\": [\r\n          {\r\n            \"type\": \"img\",\r\n            \"attid\": 179,\r\n            \"cont\": \"\/wp-content\/uploads\/2025\/09\/freo_nwt_logo_6b.png\",\r\n            \"sizes\": {\r\n              \"full\": \"\/wp-content\/uploads\/2025\/09\/freo_nwt_logo_6b.png\",\r\n              \"_768\": \"\/wp-content\/uploads\/2025\/09\/freo_nwt_logo_6b-768x768.png\",\r\n              \"_512\": \"\/wp-content\/uploads\/2025\/09\/freo_nwt_logo_6b-512x512.png\",\r\n              \"_265\": \"\/wp-content\/uploads\/2025\/09\/freo_nwt_logo_6b-265x265.png\"\r\n            },\r\n            \"w\": 1000,\r\n            \"h\": 1000,\r\n            \"ar\": 1,\r\n            \"alt\": \"\",\r\n            \"link\": \"https:\/\/germany.representation.ec.europa.eu\/unternehmen-und-finanzierung\/fordermittel-und-zuschusse_de\",\r\n            \"id\": 179\r\n          },\r\n          {\r\n            \"type\": \"img\",\r\n            \"attid\": 178,\r\n            \"cont\": \"\/wp-content\/uploads\/2025\/09\/freo_nwt_logo_7.png\",\r\n            \"sizes\": {\r\n              \"full\": \"\/wp-content\/uploads\/2025\/09\/freo_nwt_logo_7.png\",\r\n              \"_768\": \"\/wp-content\/uploads\/2025\/09\/freo_nwt_logo_7-768x768.png\",\r\n              \"_512\": \"\/wp-content\/uploads\/2025\/09\/freo_nwt_logo_7-512x512.png\",\r\n              \"_265\": \"\/wp-content\/uploads\/2025\/09\/freo_nwt_logo_7-265x265.png\"\r\n            },\r\n            \"w\": 1000,\r\n            \"h\": 1000,\r\n            \"ar\": 1,\r\n            \"alt\": \"\",\r\n            \"link\": \"https:\/\/www.imsound.de\/\",\r\n            \"id\": 178\r\n          },\r\n          {\r\n            \"type\": \"img\",\r\n            \"attid\": 176,\r\n            \"cont\": \"\/wp-content\/uploads\/2025\/09\/freo_nwt_logo_5.png\",\r\n            \"sizes\": {\r\n              \"full\": \"\/wp-content\/uploads\/2025\/09\/freo_nwt_logo_5.png\",\r\n              \"_768\": \"\/wp-content\/uploads\/2025\/09\/freo_nwt_logo_5-768x768.png\",\r\n              \"_512\": \"\/wp-content\/uploads\/2025\/09\/freo_nwt_logo_5-512x512.png\",\r\n              \"_265\": \"\/wp-content\/uploads\/2025\/09\/freo_nwt_logo_5-265x265.png\"\r\n            },\r\n            \"w\": 1000,\r\n            \"h\": 1000,\r\n            \"ar\": 1,\r\n            \"alt\": \"\",\r\n            \"link\": \"https:\/\/gvl.de\/\",\r\n            \"id\": 176\r\n          }\r\n        ]\r\n      },\r\n      \"absolute_position\": false\r\n    }\r\n  ]\r\n}","phonegrid":"","_links":{"self":[{"href":"https:\/\/freo-netzwerk.de\/netzwerktreffen25\/wp-json\/wp\/v2\/pages\/2","targetHints":{"allow":["GET"]}}],"collection":[{"href":"https:\/\/freo-netzwerk.de\/netzwerktreffen25\/wp-json\/wp\/v2\/pages"}],"about":[{"href":"https:\/\/freo-netzwerk.de\/netzwerktreffen25\/wp-json\/wp\/v2\/types\/page"}],"author":[{"embeddable":true,"href":"https:\/\/freo-netzwerk.de\/netzwerktreffen25\/wp-json\/wp\/v2\/users\/1"}],"replies":[{"embeddable":true,"href":"https:\/\/freo-netzwerk.de\/netzwerktreffen25\/wp-json\/wp\/v2\/comments?post=2"}],"version-history":[{"count":0,"href":"https:\/\/freo-netzwerk.de\/netzwerktreffen25\/wp-json\/wp\/v2\/pages\/2\/revisions"}],"wp:attachment":[{"href":"https:\/\/freo-netzwerk.de\/netzwerktreffen25\/wp-json\/wp\/v2\/media?parent=2"}],"curies":[{"name":"wp","href":"https:\/\/api.w.org\/{rel}","templated":true}]}}