{"id":296,"date":"2025-09-30T11:18:10","date_gmt":"2025-09-30T09:18:10","guid":{"rendered":"https:\/\/freo-netzwerk.de\/netzwerktreffen25\/timetable-copy\/"},"modified":"2025-09-30T11:22:18","modified_gmt":"2025-09-30T09:22:18","slug":"impressum","status":"publish","type":"page","link":"https:\/\/freo-netzwerk.de\/netzwerktreffen25\/impressum\/","title":{"rendered":"Impressum"},"content":{"rendered":"","protected":false},"excerpt":{"rendered":"","protected":false},"author":1,"featured_media":0,"parent":0,"menu_order":8,"comment_status":"closed","ping_status":"closed","template":"","meta":[],"class_list":["post-296","page","type-page","status-publish","hentry"],"grid":"{\r\n  \"colCount\": 12,\r\n  \"colGutter\": 1,\r\n  \"rowGutters\": [\r\n    5\r\n  ],\r\n  \"frameMargin\": 5,\r\n  \"leftFrameMargin\": 2,\r\n  \"rightFrameMargin\": 2,\r\n  \"topFrameMargin\": 10,\r\n  \"mus\": {\r\n    \"colGutterMu\": \"%\",\r\n    \"rowGutterMu\": \"%\",\r\n    \"topFrameMu\": \"%\",\r\n    \"bottomFrameMu\": \"%\",\r\n    \"frameMu\": \"%\"\r\n  },\r\n  \"bottomFrameMargin\": \"5\",\r\n  \"rowAttrs\": [\r\n    {\r\n      \"relid\": 1\r\n    },\r\n    {\r\n      \"relid\": 3\r\n    }\r\n  ],\r\n  \"bgColor\": \"#e5e5e5\",\r\n  \"bgImage\": null,\r\n  \"cont\": [\r\n    {\r\n      \"type\": \"text\",\r\n      \"cont\": \"<h1 class=\\\"_Bio_Name\\\" style=\\\"text-align: left;\\\"><span style=\\\"color: #643c78;\\\">Impressum<\/span><\/h1>\",\r\n      \"align\": \"top\",\r\n      \"row\": 0,\r\n      \"col\": 0,\r\n      \"colspan\": 12,\r\n      \"offsetx\": 0,\r\n      \"offsety\": 0,\r\n      \"spaceabove\": 0,\r\n      \"spacebelow\": 0,\r\n      \"yvel\": 1,\r\n      \"push\": 0,\r\n      \"relid\": 2,\r\n      \"absolute_position\": false\r\n    },\r\n    {\r\n      \"type\": \"text\",\r\n      \"cont\": \"<h3 class=\\\"_Cubano30\\\"><span style=\\\"color: #643c78;\\\">Freie Ensembles und Orchester in Deutschland e.V.<\/span><\/h3><p><span style=\\\"color: #643c78;\\\">c\/o Mahler Chamber Orchestra<\/span><br \/><span style=\\\"color: #643c78;\\\">Leuschnerdamm 13<\/span><br \/><span style=\\\"color: #643c78;\\\">10999 Berlin<\/span><br \/><span style=\\\"color: #643c78;\\\">Tel: 49 (0)177 7211181<\/span><br \/><span style=\\\"color: #643c78;\\\">E-Mail: info@freo-netzwerk.de<\/span><\/p><p><span style=\\\"color: #643c78;\\\">www.freo-netzwerk.de<\/span><br \/><span style=\\\"color: #643c78;\\\">www.freo-forum.de<\/span><br \/><span style=\\\"color: #643c78;\\\">www.freo-landschaften.de<\/span><\/p><h3 class=\\\"_Cubano30\\\"><span style=\\\"color: #643c78;\\\">Vertreten durch den Vorstand<\/span><\/h3><p><span style=\\\"color: #643c78;\\\">Christian Fausch (Vorstandsvositzender)<\/span><br \/><span style=\\\"color: #643c78;\\\">Sarah Heemann (stellvertretender Vorsitzender)<\/span><br \/><span style=\\\"color: #643c78;\\\">Dominique Mayr (Vorstandsmitglied)<\/span><br \/><span style=\\\"color: #643c78;\\\">Cymin Samawatie (Vorstandsmitglied)<\/span><br \/><span style=\\\"color: #643c78;\\\">Volker Hormann (Vorstandsmitglied)<\/span><\/p><h3 class=\\\"_Cubano30\\\"><span style=\\\"color: #643c78;\\\">Vereinsregister<\/span><\/h3><p><span style=\\\"color: #643c78;\\\">Amtsgericht Berlin-Charlottenburg, VR 36825 B<\/span><\/p><h3 class=\\\"_Cubano30\\\"><span style=\\\"color: #643c78;\\\">Gesch\u00e4ftsstelle<\/span><\/h3><p><span style=\\\"color: #643c78;\\\">Lena Krause (Gesch\u00e4ftsf\u00fchrerin)<\/span><br \/><span style=\\\"color: #643c78;\\\">Sebastian Haas<\/span><\/p><h3 class=\\\"_Cubano30\\\"><span style=\\\"color: #643c78;\\\">Inhaltlich Verantwortliche<\/span><\/h3><p><span style=\\\"color: #643c78;\\\">Lena Krause, Sebastian Haas<\/span><\/p><h3 class=\\\"_Cubano30\\\"><span style=\\\"color: #643c78;\\\">Credits<\/span><\/h3><p><span style=\\\"color: #643c78;\\\">Konzept, Design und Beratung: <a rel=\\\"noopener\\\" href=\\\"https:\/\/www.van-verlag.com\\\" target=\\\"_blank\\\">VAN VON \/ Alex Ketzer<\/a><br \/><\/span><span style=\\\"color: #643c78;\\\">Konzept, Redaktion FREO e.V.: Lena Krause, Sebastian Haas<\/span><\/p>\",\r\n      \"align\": \"top\",\r\n      \"row\": 1,\r\n      \"col\": 0,\r\n      \"colspan\": 6,\r\n      \"offsetx\": 0,\r\n      \"offsety\": 0,\r\n      \"spaceabove\": 0,\r\n      \"spacebelow\": 0,\r\n      \"yvel\": 1,\r\n      \"push\": 0,\r\n      \"relid\": 4,\r\n      \"absolute_position\": false,\r\n      \"frameOverflow\": \"\"\r\n    },\r\n    {\r\n      \"type\": \"text\",\r\n      \"cont\": \"<h3 class=\\\"_Cubano30\\\"><span style=\\\"color: #643c78;\\\">Haftung f\u00fcr Inhalte<\/span><\/h3><p><span style=\\\"color: #643c78;\\\">Als Diensteanbieter sind wir gem\u00e4\u00df \u00a7 7 Abs.1 TMG f\u00fcr eigene Inhalte auf diesen Seiten nach den allgemeinen Gesetzen verantwortlich. Nach \u00a7\u00a7 8 bis 10 TMG sind wir als Diensteanbieter jedoch nicht verpflichtet, \u00fcbermittelte oder gespeicherte fremde Informationen zu \u00fcberwachen oder nach Umst\u00e4nden zu forschen, die auf eine rechtswidrige T\u00e4tigkeit hinweisen. Verpflichtungen zur Entfernung oder Sperrung der Nutzung von Informationen nach den allgemeinen Gesetzen bleiben hiervon unber\u00fchrt. Eine diesbez\u00fcgliche Haftung ist jedoch erst ab dem Zeitpunkt der Kenntnis einer konkreten Rechtsverletzung m\u00f6glich. Bei Bekanntwerden von entsprechenden Rechtsverletzungen werden wir diese Inhalte umgehend entfernen.<\/span><\/p><h3 class=\\\"_Cubano30\\\"><span style=\\\"color: #643c78;\\\">Haftung f\u00fcr Links<\/span><\/h3><p><span style=\\\"color: #643c78;\\\">Unser Angebot enth\u00e4lt Links zu externen Websites Dritter, auf deren Inhalte wir keinen Einfluss haben. Deshalb k\u00f6nnen wir f\u00fcr diese fremden Inhalte auch keine Gew\u00e4hr \u00fcbernehmen. F\u00fcr die Inhalte der verlinkten Seiten ist stets der jeweilige Anbieter oder Betreiber der Seiten verantwortlich. Die verlinkten Seiten wurden zum Zeitpunkt der Verlinkung auf m\u00f6gliche Rechtsverst\u00f6\u00dfe \u00fcberpr\u00fcft. Rechtswidrige Inhalte waren zum Zeitpunkt der Verlinkung nicht erkennbar.<\/span><br \/><span style=\\\"color: #643c78;\\\">Eine permanente inhaltliche Kontrolle der verlinkten Seiten ist jedoch ohne konkrete Anhaltspunkte einer Rechtsverletzung nicht zumutbar. Bei Bekanntwerden von Rechtsverletzungen werden wir derartige Links umgehend entfernen.<\/span><\/p><h3 class=\\\"_Cubano30\\\"><span style=\\\"color: #643c78;\\\">Urheberrecht<\/span><\/h3><p><span style=\\\"color: #643c78;\\\">Die durch die Seitenbetreiber erstellten Inhalte und Werke auf diesen Seiten unterliegen dem deutschen Urheberrecht. Die Vervielf\u00e4ltigung, Bearbeitung, Verbreitung und jede Art der Verwertung au\u00dferhalb der Grenzen des Urheberrechtes bed\u00fcrfen der schriftlichen Zustimmung des jeweiligen Autors bzw. Erstellers. Downloads und Kopien dieser Seite sind nur f\u00fcr den privaten, nicht kommerziellen Gebrauch gestattet.<\/span><\/p><p><span style=\\\"color: #643c78;\\\">Soweit die Inhalte auf dieser Seite nicht vom Betreiber erstellt wurden, werden die Urheberrechte Dritter beachtet. Insbesondere werden Inhalte Dritter als solche gekennzeichnet. Sollten Sie trotzdem auf eine Urheberrechtsverletzung aufmerksam werden, bitten wir um einen entsprechenden Hinweis. Bei Bekanntwerden von Rechtsverletzungen werden wir derartige Inhalte umgehend entfernen.<\/span><\/p>\",\r\n      \"align\": \"top\",\r\n      \"row\": 1,\r\n      \"col\": 6,\r\n      \"colspan\": 6,\r\n      \"offsetx\": 0,\r\n      \"offsety\": 0,\r\n      \"spaceabove\": 0,\r\n      \"spacebelow\": 0,\r\n      \"yvel\": 1,\r\n      \"push\": 0,\r\n      \"relid\": 5,\r\n      \"absolute_position\": false,\r\n      \"frameOverflow\": \"\"\r\n    }\r\n  ]\r\n}","phonegrid":"","_links":{"self":[{"href":"https:\/\/freo-netzwerk.de\/netzwerktreffen25\/wp-json\/wp\/v2\/pages\/296","targetHints":{"allow":["GET"]}}],"collection":[{"href":"https:\/\/freo-netzwerk.de\/netzwerktreffen25\/wp-json\/wp\/v2\/pages"}],"about":[{"href":"https:\/\/freo-netzwerk.de\/netzwerktreffen25\/wp-json\/wp\/v2\/types\/page"}],"author":[{"embeddable":true,"href":"https:\/\/freo-netzwerk.de\/netzwerktreffen25\/wp-json\/wp\/v2\/users\/1"}],"replies":[{"embeddable":true,"href":"https:\/\/freo-netzwerk.de\/netzwerktreffen25\/wp-json\/wp\/v2\/comments?post=296"}],"version-history":[{"count":0,"href":"https:\/\/freo-netzwerk.de\/netzwerktreffen25\/wp-json\/wp\/v2\/pages\/296\/revisions"}],"wp:attachment":[{"href":"https:\/\/freo-netzwerk.de\/netzwerktreffen25\/wp-json\/wp\/v2\/media?parent=296"}],"curies":[{"name":"wp","href":"https:\/\/api.w.org\/{rel}","templated":true}]}}